{"id":283,"date":"2018-09-19T13:46:46","date_gmt":"2018-09-19T13:46:46","guid":{"rendered":"http:\/\/matthieurichard.fr\/?page_id=283"},"modified":"2018-12-24T15:02:27","modified_gmt":"2018-12-24T15:02:27","slug":"la-galerie","status":"publish","type":"page","link":"https:\/\/matthieurichard.fr\/en\/la-galerie\/","title":{"rendered":"La galerie"},"content":{"rendered":"\t\t<div data-elementor-type=\"wp-post\" data-elementor-id=\"283\" class=\"elementor elementor-283 elementor-bc-flex-widget\" data-elementor-post-type=\"page\">\n\t\t\t\t\t\t<section class=\"elementor-section elementor-top-section elementor-element elementor-element-584e0c07 elementor-section-boxed elementor-section-height-default elementor-section-height-default\" data-id=\"584e0c07\" data-element_type=\"section\">\n\t\t\t\t\t\t<div class=\"elementor-container elementor-column-gap-default\">\n\t\t\t\t\t<div class=\"elementor-column elementor-col-50 elementor-top-column elementor-element elementor-element-3ea33aa8\" data-id=\"3ea33aa8\" data-element_type=\"column\">\n\t\t\t<div class=\"elementor-widget-wrap elementor-element-populated\">\n\t\t\t\t\t\t<div class=\"elementor-element elementor-element-ddcf9c7 elementor-widget elementor-widget-shortcode\" data-id=\"ddcf9c7\" data-element_type=\"widget\" data-widget_type=\"shortcode.default\">\n\t\t\t\t<div class=\"elementor-widget-container\">\n\t\t\t\t\t<div class=\"elementor-shortcode\"><\/div>\n\t\t\t\t<\/div>\n\t\t\t\t<\/div>\n\t\t\t\t\t<\/div>\n\t\t<\/div>\n\t\t\t\t<div class=\"elementor-column elementor-col-50 elementor-top-column elementor-element elementor-element-f659b9d\" data-id=\"f659b9d\" data-element_type=\"column\">\n\t\t\t<div class=\"elementor-widget-wrap elementor-element-populated\">\n\t\t\t\t\t\t<div class=\"elementor-element elementor-element-6cc4d26 elementor-widget elementor-widget-text-editor\" data-id=\"6cc4d26\" data-element_type=\"widget\" data-widget_type=\"text-editor.default\">\n\t\t\t\t<div class=\"elementor-widget-container\">\n\t\t\t\t\t\t\t<p>La galerie Matthieu Richard est sp\u00e9cialis\u00e9e dans les arts d\u00e9coratifs et le design du XX\u00e8me si\u00e8cle. Avec plus de vingt cinq ans d&#8217;exp\u00e9rience dans ce domaine, Matthieu Richard, expert au sein de la Compagnie Nationale des Experts se place comme l&#8217;un des marchands les plus rigoureux de sa g\u00e9n\u00e9ration.<br \/>Matthieu et son \u00e9pouse, Sophie, privil\u00e9gient dans leur espace, situ\u00e9 \u00e0 Paris au coeur du quartier de St Germain des Pr\u00e9s, un \u00e9ventail de pi\u00e8ces des grands cr\u00e9ateurs fran\u00e7ais des ann\u00e9es 1950 : Jean Roy\u00e8re, Jacques Adnet, Georges Jouve, Charlotte Perriand, Louis Sognot, Alexandre Noll, Audoux-Minnet, Jean Prouv\u00e9, Marc du Plantier, Mathieu Mat\u00e9got&#8230;<br \/>Au fil du temps, c&#8217;est sur l&#8217;oeuvre de ce dernier : Mathieu Mat\u00e9got (1910-2001) que la galerie se concentre et propose en permanence, une s\u00e9lection d&#8217;oeuvres majeures cr\u00e9es dans les ann\u00e9es 1950. C&#8217;est l&#8217;inventivit\u00e9 que le cr\u00e9ateur a su d\u00e9ployer, de 1950 \u00e0 1960, ainsi que l&#8217;utilisation g\u00e9niale et multiple de cette t\u00f4le perfor\u00e9e, qui s\u00e9duisent le couple.<\/p><p>Reconnu comme une figure incontournable du design de l&#8217;apr\u00e8s-guerre, Mat\u00e9got inventera de nouvelles techniques de fabrication, lui permettant de mat\u00e9rialiser les objets et les meubles qu&#8217;il imagine. Il transforme ce mat\u00e9riau froid et rigide en une mati\u00e8re gracieuse et a\u00e9rienne. Dans son esprit, le m\u00e9tal se d\u00e9coupe, se peint, se plie, se met en forme \u00e0 la mani\u00e8re d&#8217;une simple feuille de papier ou d&#8217;un tissu l\u00e9ger, pour aboutir \u00e0 de v\u00e9ritables sculptures en suspension&#8230;<\/p><p>Poussant les murs de leur galerie, Matthieu et Sophie Richard vous inviteront \u00e0 d\u00e9couvrir leur espace priv\u00e9, sur cour, \u00e0 deux pas de la rue de Seine. La galerie est pr\u00e9sente au PAD Paris, PAD London et Design Miami Basel o\u00f9 elle montre chaque ann\u00e9e, des ensembles de meubles, objets et luminaires des plus grands noms des ann\u00e9es 1950.<\/p>\t\t\t\t\t\t<\/div>\n\t\t\t\t<\/div>\n\t\t\t\t\t<\/div>\n\t\t<\/div>\n\t\t\t\t\t<\/div>\n\t\t<\/section>\n\t\t\t\t<\/div>\n\t\t","protected":false},"excerpt":{"rendered":"<p>La galerie Matthieu Richard est sp\u00e9cialis\u00e9e dans les arts d\u00e9coratifs et le design du XX\u00e8me si\u00e8cle. Avec plus de vingt cinq ans d&#8217;exp\u00e9rience dans ce domaine, Matthieu Richard, expert au sein de la Compagnie Nationale des Experts se place comme l&#8217;un des marchands les plus rigoureux de sa g\u00e9n\u00e9ration.Matthieu et son \u00e9pouse, Sophie, privil\u00e9gient dans &#8230; <a title=\"La galerie\" class=\"read-more\" href=\"https:\/\/matthieurichard.fr\/en\/la-galerie\/\">Read more<span class=\"screen-reader-text\">La galerie<\/span><\/a><\/p>\n","protected":false},"author":1,"featured_media":0,"parent":0,"menu_order":0,"comment_status":"closed","ping_status":"closed","template":"elementor_header_footer","meta":{"_acf_changed":false,"footnotes":""},"class_list":["post-283","page","type-page","status-publish"],"acf":[],"_links":{"self":[{"href":"https:\/\/matthieurichard.fr\/en\/wp-json\/wp\/v2\/pages\/283"}],"collection":[{"href":"https:\/\/matthieurichard.fr\/en\/wp-json\/wp\/v2\/pages"}],"about":[{"href":"https:\/\/matthieurichard.fr\/en\/wp-json\/wp\/v2\/types\/page"}],"author":[{"embeddable":true,"href":"https:\/\/matthieurichard.fr\/en\/wp-json\/wp\/v2\/users\/1"}],"replies":[{"embeddable":true,"href":"https:\/\/matthieurichard.fr\/en\/wp-json\/wp\/v2\/comments?post=283"}],"version-history":[{"count":17,"href":"https:\/\/matthieurichard.fr\/en\/wp-json\/wp\/v2\/pages\/283\/revisions"}],"predecessor-version":[{"id":959,"href":"https:\/\/matthieurichard.fr\/en\/wp-json\/wp\/v2\/pages\/283\/revisions\/959"}],"wp:attachment":[{"href":"https:\/\/matthieurichard.fr\/en\/wp-json\/wp\/v2\/media?parent=283"}],"curies":[{"name":"wp","href":"https:\/\/api.w.org\/{rel}","templated":true}]}}